{"id":1291,"date":"2021-12-06T18:15:43","date_gmt":"2021-12-06T18:15:43","guid":{"rendered":"https:\/\/reyesfenig.com\/?page_id=1291"},"modified":"2022-02-03T22:24:13","modified_gmt":"2022-02-03T22:24:13","slug":"notice-of-privacy","status":"publish","type":"page","link":"https:\/\/reyesfenig.com\/en\/notice-of-privacy\/","title":{"rendered":"Notice of Privacy"},"content":{"rendered":"\t\t<div data-elementor-type=\"wp-page\" data-elementor-id=\"1291\" class=\"elementor elementor-1291 elementor-481\" data-elementor-post-type=\"page\">\n\t\t\t\t\t\t<section class=\"elementor-section elementor-top-section elementor-element elementor-element-c0df746 elementor-section-height-min-height elementor-section-stretched elementor-section-boxed elementor-section-height-default elementor-section-items-middle\" data-id=\"c0df746\" data-element_type=\"section\" data-settings=\"{&quot;stretch_section&quot;:&quot;section-stretched&quot;,&quot;background_background&quot;:&quot;classic&quot;}\">\n\t\t\t\t\t\t<div class=\"elementor-container elementor-column-gap-default\">\n\t\t\t\t\t<div class=\"elementor-column elementor-col-100 elementor-top-column elementor-element elementor-element-c98108f\" data-id=\"c98108f\" data-element_type=\"column\">\n\t\t\t<div class=\"elementor-widget-wrap\">\n\t\t\t\t\t\t\t<\/div>\n\t\t<\/div>\n\t\t\t\t\t<\/div>\n\t\t<\/section>\n\t\t\t\t<section class=\"elementor-section elementor-top-section elementor-element elementor-element-d2889fb elementor-section-stretched elementor-section-boxed elementor-section-height-default elementor-section-height-default\" data-id=\"d2889fb\" data-element_type=\"section\" data-settings=\"{&quot;stretch_section&quot;:&quot;section-stretched&quot;,&quot;background_background&quot;:&quot;classic&quot;}\">\n\t\t\t\t\t\t<div class=\"elementor-container elementor-column-gap-default\">\n\t\t\t\t\t<div class=\"elementor-column elementor-col-100 elementor-top-column elementor-element elementor-element-98e9030\" data-id=\"98e9030\" data-element_type=\"column\">\n\t\t\t<div class=\"elementor-widget-wrap elementor-element-populated\">\n\t\t\t\t\t\t<div class=\"elementor-element elementor-element-58bfce2 elementor-widget elementor-widget-heading\" data-id=\"58bfce2\" data-element_type=\"widget\" data-widget_type=\"heading.default\">\n\t\t\t\t<div class=\"elementor-widget-container\">\n\t\t\t\t\t<h2 class=\"elementor-heading-title elementor-size-default\">AVISO DE PRIVACIDAD<\/h2>\t\t\t\t<\/div>\n\t\t\t\t<\/div>\n\t\t\t\t<div class=\"elementor-element elementor-element-77723d6 elementor-widget elementor-widget-text-editor\" data-id=\"77723d6\" data-element_type=\"widget\" data-widget_type=\"text-editor.default\">\n\t\t\t\t<div class=\"elementor-widget-container\">\n\t\t\t\t\t\t\t\t\t<p>REYES FENIG ASOCIADOS S.C. (en lo sucesivo tambi\u00e9n denominado REYES FENIG), con domicilio en Avenida Revoluci\u00f3n 1267, Piso 19, Interior A, Col. Los Alpes, Alcald\u00eda \u00c1lvaro Obreg\u00f3n, C.P. 01010, Ciudad de M\u00e9xico, es responsable del tratamiento y protecci\u00f3n de sus datos personales, los cuales son tratados de forma estrictamente confidencial, de conformidad con lo dispuesto en la Ley Federal de la Protecci\u00f3n de Datos Personales en Posesi\u00f3n de los Particulares (en lo sucesivo tambi\u00e9n denominada Ley de Datos Personales).<\/p><p><br><\/p>\n<p>Los datos personales que recabamos de usted a trav\u00e9s de este o cualquier otro medio, ser\u00e1n utilizados para fines acad\u00e9micos, desarrollo de consultas legales y prestaci\u00f3n de los servicios legales que nos sean encomendados, as\u00ed como para integrarlos a nuestros registros internos para el env\u00edo de informaci\u00f3n acad\u00e9mica, legal y novedades respecto a la prestaci\u00f3n de nuestros servicios legales, as\u00ed como para prop\u00f3sitos administrativos y de facturaci\u00f3n. Para la finalidad antes mencionada, requerimos obtener los siguientes datos personales: nombre, nacionalidad, organizaci\u00f3n para la que labora, domicilio, correo electr\u00f3nico, tel\u00e9fono, Registro Federal de Contribuyentes, as\u00ed como toda aquella informaci\u00f3n que nos proporcione en relaci\u00f3n con los fines antes indicados.<\/p><p><br><\/p>\n<p><span style=\"color: rgb(32, 33, 36); font-family: consolas, &quot;lucida console&quot;, &quot;courier new&quot;, monospace; font-size: 12px; font-style: normal; font-variant-ligatures: normal; font-variant-caps: normal; font-weight: 400; white-space: pre-wrap; letter-spacing: 0px;\">&nbsp; &nbsp; &nbsp; &nbsp; &nbsp;&nbsp;<\/span>Los datos personales que usted nos entregue para la prestaci\u00f3n de los servicios jur\u00eddicos que se nos encomienden, incluyendo nombre completo, nacionalidad y domicilio, podr\u00e1n ser proporcionados a las autoridades federales y locales, seg\u00fan lo dispongan las normas legislativas y reglamentarias aplicables. Una consecuencia de dicha divulgaci\u00f3n podr\u00e1 ser la incorporaci\u00f3n de dichos datos personales a archivos y registros p\u00fablicos.<\/p><p><br><\/p>\n<p><span style=\"color: rgb(32, 33, 36); font-family: consolas, &quot;lucida console&quot;, &quot;courier new&quot;, monospace; font-size: 12px; font-style: normal; font-variant-ligatures: normal; font-variant-caps: normal; font-weight: 400; white-space: pre-wrap; letter-spacing: 0px;\">&nbsp; &nbsp; &nbsp; &nbsp; &nbsp;&nbsp;<\/span>Asimismo, los datos personales recabados a trav\u00e9s de este o cualquier otro medio, los utilizaremos para implementar nuestro proceso de reclutamiento y analizar la posible selecci\u00f3n de usted como un posible candidato de empleo con REYES FENIG. Para la finalidad antes mencionada, requerimos obtener los siguientes datos personales: nombre, sexo, fecha de nacimiento, lugar de nacimiento, nacionalidad, domicilio, tel\u00e9fono, correo electr\u00f3nico, as\u00ed como toda aquella informaci\u00f3n que nos proporcione en relaci\u00f3n con el proceso de reclutamiento.<\/p><p><br><\/p>\n<p><span style=\"color: rgb(32, 33, 36); font-family: consolas, &quot;lucida console&quot;, &quot;courier new&quot;, monospace; font-size: 12px; font-style: normal; font-variant-ligatures: normal; font-variant-caps: normal; font-weight: 400; white-space: pre-wrap; letter-spacing: 0px;\">&nbsp; &nbsp; &nbsp; &nbsp; &nbsp;&nbsp;<\/span>En t\u00e9rminos del art\u00edculo 68 del Reglamento de la Ley de Datos Personales y el art\u00edculo 36 de dicha ley, usted consiente y autoriza expresamente cualquier transferencia de sus datos personales que la REYES FENIG realice a sus empresas relacionadas, subsidiarias o proveedores. Adem\u00e1s, REYES FENIG garantiza que las transferencias realizadas cumplir\u00e1n en todo momento con lo dispuesto por los art\u00edculos 36 de la Ley de Datos Personales y 68 de su Reglamento.<\/p><p><br><\/p>\n<p><span style=\"color: rgb(32, 33, 36); font-family: consolas, &quot;lucida console&quot;, &quot;courier new&quot;, monospace; font-size: 12px; font-style: normal; font-variant-ligatures: normal; font-variant-caps: normal; font-weight: 400; white-space: pre-wrap; letter-spacing: 0px;\">&nbsp; &nbsp; &nbsp; &nbsp; &nbsp;&nbsp;<\/span>Contamos con las medidas de seguridad suficientes para la protecci\u00f3n, confidencialidad y aseguramiento de sus datos personales con la finalidad de restringir el acceso a los mismos a personas no autorizadas. Nuestros empleados, socios, representantes, subcontratistas, consultores y\/o los terceros que intervengan en cualquier fase del tratamiento de sus datos personales guardaran confidencialidad respecto de \u00e9stos, obligaci\u00f3n que subsistir\u00e1 hasta despu\u00e9s de finalizar la relaci\u00f3n entre dichas personas.<\/p><p><br><\/p>\n<p><span style=\"color: rgb(32, 33, 36); font-family: consolas, &quot;lucida console&quot;, &quot;courier new&quot;, monospace; font-size: 12px; font-style: normal; font-variant-ligatures: normal; font-variant-caps: normal; font-weight: 400; white-space: pre-wrap; letter-spacing: 0px;\">&nbsp; &nbsp; &nbsp; &nbsp; &nbsp;&nbsp;<\/span>Usted tiene derecho a acceder, rectificar y cancelar sus datos personales, oponerse al tratamiento de los mismos, limitar su uso o divulgaci\u00f3n, o revocar el consentimiento que nos ha otorgado para el tratamiento de dichos datos, enviando un correo electr\u00f3nico a <a href=\"mailto:info@reyesfenig.com\">info@reyesfenig.com<\/a>, sin perjuicio de que dicha acci\u00f3n pueda entorpecer o impedir la prestaci\u00f3n de alguno de los servicios legales que se nos encomienden.<\/p><p><br><\/p>\n<p><span style=\"color: rgb(32, 33, 36); font-family: consolas, &quot;lucida console&quot;, &quot;courier new&quot;, monospace; font-size: 12px; font-style: normal; font-variant-ligatures: normal; font-variant-caps: normal; font-weight: 400; white-space: pre-wrap; letter-spacing: 0px;\">&nbsp; &nbsp; &nbsp; &nbsp; &nbsp;&nbsp;<\/span>El presente aviso de privacidad puede sufrir modificaciones, cambios o actualizaciones derivadas de nuevos requerimientos legales, de nuestras propias necesidades por los servicios que ofrecemos; de nuestras pr\u00e1cticas de privacidad o por otras causas. Nos comprometemos a mantenerlo informado sobre los cambios que pueda sufrir el presente aviso de privacidad, a trav\u00e9s de nuestro sitio web www.reyesfenig.com.<\/p>\n<p>Ingl\u00e9s<\/p>\t\t\t\t\t\t\t\t<\/div>\n\t\t\t\t<\/div>\n\t\t\t\t\t<\/div>\n\t\t<\/div>\n\t\t\t\t\t<\/div>\n\t\t<\/section>\n\t\t\t\t<\/div>\n\t\t","protected":false},"excerpt":{"rendered":"<p><span class=\"excerpt-hellip\"> [\u2026]<\/span><\/p>\n","protected":false},"author":1,"featured_media":2028,"parent":0,"menu_order":0,"comment_status":"closed","ping_status":"closed","template":"","meta":{"footnotes":""},"class_list":["post-1291","page","type-page","status-publish","has-post-thumbnail","hentry"],"yoast_head":"<!-- This site is optimized with the Yoast SEO plugin v27.2 - https:\/\/yoast.com\/product\/yoast-seo-wordpress\/ -->\n<title>Notice of Privacy - Reyes Fenig<\/title>\n<meta name=\"robots\" content=\"index, follow, max-snippet:-1, max-image-preview:large, max-video-preview:-1\" \/>\n<link rel=\"canonical\" href=\"https:\/\/reyesfenig.com\/en\/notice-of-privacy\/\" \/>\n<meta property=\"og:locale\" content=\"en_US\" \/>\n<meta property=\"og:type\" content=\"article\" \/>\n<meta property=\"og:title\" content=\"Notice of Privacy - Reyes Fenig\" \/>\n<meta property=\"og:description\" content=\"[\u2026]\" \/>\n<meta property=\"og:url\" content=\"https:\/\/reyesfenig.com\/en\/notice-of-privacy\/\" \/>\n<meta property=\"og:site_name\" content=\"Reyes Fenig\" \/>\n<meta property=\"article:modified_time\" content=\"2022-02-03T22:24:13+00:00\" \/>\n<meta property=\"og:image\" content=\"https:\/\/reyesfenig.com\/wp-content\/uploads\/2022\/01\/blog.jpg\" \/>\n\t<meta property=\"og:image:width\" content=\"870\" \/>\n\t<meta property=\"og:image:height\" content=\"580\" \/>\n\t<meta property=\"og:image:type\" content=\"image\/jpeg\" \/>\n<meta name=\"twitter:card\" content=\"summary_large_image\" \/>\n<meta name=\"twitter:label1\" content=\"Est. reading time\" \/>\n\t<meta name=\"twitter:data1\" content=\"3 minutes\" \/>\n<script type=\"application\/ld+json\" class=\"yoast-schema-graph\">{\"@context\":\"https:\/\/schema.org\",\"@graph\":[{\"@type\":\"WebPage\",\"@id\":\"https:\/\/reyesfenig.com\/en\/notice-of-privacy\/\",\"url\":\"https:\/\/reyesfenig.com\/en\/notice-of-privacy\/\",\"name\":\"Notice of Privacy - Reyes Fenig\",\"isPartOf\":{\"@id\":\"https:\/\/reyesfenig.com\/#website\"},\"primaryImageOfPage\":{\"@id\":\"https:\/\/reyesfenig.com\/en\/notice-of-privacy\/#primaryimage\"},\"image\":{\"@id\":\"https:\/\/reyesfenig.com\/en\/notice-of-privacy\/#primaryimage\"},\"thumbnailUrl\":\"https:\/\/reyesfenig.com\/wp-content\/uploads\/2022\/01\/blog.jpg\",\"datePublished\":\"2021-12-06T18:15:43+00:00\",\"dateModified\":\"2022-02-03T22:24:13+00:00\",\"breadcrumb\":{\"@id\":\"https:\/\/reyesfenig.com\/en\/notice-of-privacy\/#breadcrumb\"},\"inLanguage\":\"en-US\",\"potentialAction\":[{\"@type\":\"ReadAction\",\"target\":[\"https:\/\/reyesfenig.com\/en\/notice-of-privacy\/\"]}]},{\"@type\":\"ImageObject\",\"inLanguage\":\"en-US\",\"@id\":\"https:\/\/reyesfenig.com\/en\/notice-of-privacy\/#primaryimage\",\"url\":\"https:\/\/reyesfenig.com\/wp-content\/uploads\/2022\/01\/blog.jpg\",\"contentUrl\":\"https:\/\/reyesfenig.com\/wp-content\/uploads\/2022\/01\/blog.jpg\",\"width\":870,\"height\":580},{\"@type\":\"BreadcrumbList\",\"@id\":\"https:\/\/reyesfenig.com\/en\/notice-of-privacy\/#breadcrumb\",\"itemListElement\":[{\"@type\":\"ListItem\",\"position\":1,\"name\":\"Portada\",\"item\":\"https:\/\/reyesfenig.com\/\"},{\"@type\":\"ListItem\",\"position\":2,\"name\":\"Notice of Privacy\"}]},{\"@type\":\"WebSite\",\"@id\":\"https:\/\/reyesfenig.com\/#website\",\"url\":\"https:\/\/reyesfenig.com\/\",\"name\":\"Reyes Fenig\",\"description\":\"Propiedad Intelectual en M\u00e9xico\",\"publisher\":{\"@id\":\"https:\/\/reyesfenig.com\/#organization\"},\"potentialAction\":[{\"@type\":\"SearchAction\",\"target\":{\"@type\":\"EntryPoint\",\"urlTemplate\":\"https:\/\/reyesfenig.com\/?s={search_term_string}\"},\"query-input\":{\"@type\":\"PropertyValueSpecification\",\"valueRequired\":true,\"valueName\":\"search_term_string\"}}],\"inLanguage\":\"en-US\"},{\"@type\":\"Organization\",\"@id\":\"https:\/\/reyesfenig.com\/#organization\",\"name\":\"Reyes Fenig\",\"url\":\"https:\/\/reyesfenig.com\/\",\"logo\":{\"@type\":\"ImageObject\",\"inLanguage\":\"en-US\",\"@id\":\"https:\/\/reyesfenig.com\/#\/schema\/logo\/image\/\",\"url\":\"https:\/\/reyesfenig.com\/wp-content\/uploads\/2021\/09\/logos_02.png\",\"contentUrl\":\"https:\/\/reyesfenig.com\/wp-content\/uploads\/2021\/09\/logos_02.png\",\"width\":135,\"height\":57,\"caption\":\"Reyes Fenig\"},\"image\":{\"@id\":\"https:\/\/reyesfenig.com\/#\/schema\/logo\/image\/\"}}]}<\/script>\n<!-- \/ Yoast SEO plugin. -->","yoast_head_json":{"title":"Notice of Privacy - Reyes Fenig","robots":{"index":"index","follow":"follow","max-snippet":"max-snippet:-1","max-image-preview":"max-image-preview:large","max-video-preview":"max-video-preview:-1"},"canonical":"https:\/\/reyesfenig.com\/en\/notice-of-privacy\/","og_locale":"en_US","og_type":"article","og_title":"Notice of Privacy - Reyes Fenig","og_description":"[\u2026]","og_url":"https:\/\/reyesfenig.com\/en\/notice-of-privacy\/","og_site_name":"Reyes Fenig","article_modified_time":"2022-02-03T22:24:13+00:00","og_image":[{"width":870,"height":580,"url":"https:\/\/reyesfenig.com\/wp-content\/uploads\/2022\/01\/blog.jpg","type":"image\/jpeg"}],"twitter_card":"summary_large_image","twitter_misc":{"Est. reading time":"3 minutes"},"schema":{"@context":"https:\/\/schema.org","@graph":[{"@type":"WebPage","@id":"https:\/\/reyesfenig.com\/en\/notice-of-privacy\/","url":"https:\/\/reyesfenig.com\/en\/notice-of-privacy\/","name":"Notice of Privacy - Reyes Fenig","isPartOf":{"@id":"https:\/\/reyesfenig.com\/#website"},"primaryImageOfPage":{"@id":"https:\/\/reyesfenig.com\/en\/notice-of-privacy\/#primaryimage"},"image":{"@id":"https:\/\/reyesfenig.com\/en\/notice-of-privacy\/#primaryimage"},"thumbnailUrl":"https:\/\/reyesfenig.com\/wp-content\/uploads\/2022\/01\/blog.jpg","datePublished":"2021-12-06T18:15:43+00:00","dateModified":"2022-02-03T22:24:13+00:00","breadcrumb":{"@id":"https:\/\/reyesfenig.com\/en\/notice-of-privacy\/#breadcrumb"},"inLanguage":"en-US","potentialAction":[{"@type":"ReadAction","target":["https:\/\/reyesfenig.com\/en\/notice-of-privacy\/"]}]},{"@type":"ImageObject","inLanguage":"en-US","@id":"https:\/\/reyesfenig.com\/en\/notice-of-privacy\/#primaryimage","url":"https:\/\/reyesfenig.com\/wp-content\/uploads\/2022\/01\/blog.jpg","contentUrl":"https:\/\/reyesfenig.com\/wp-content\/uploads\/2022\/01\/blog.jpg","width":870,"height":580},{"@type":"BreadcrumbList","@id":"https:\/\/reyesfenig.com\/en\/notice-of-privacy\/#breadcrumb","itemListElement":[{"@type":"ListItem","position":1,"name":"Portada","item":"https:\/\/reyesfenig.com\/"},{"@type":"ListItem","position":2,"name":"Notice of Privacy"}]},{"@type":"WebSite","@id":"https:\/\/reyesfenig.com\/#website","url":"https:\/\/reyesfenig.com\/","name":"Reyes Fenig","description":"Propiedad Intelectual en M\u00e9xico","publisher":{"@id":"https:\/\/reyesfenig.com\/#organization"},"potentialAction":[{"@type":"SearchAction","target":{"@type":"EntryPoint","urlTemplate":"https:\/\/reyesfenig.com\/?s={search_term_string}"},"query-input":{"@type":"PropertyValueSpecification","valueRequired":true,"valueName":"search_term_string"}}],"inLanguage":"en-US"},{"@type":"Organization","@id":"https:\/\/reyesfenig.com\/#organization","name":"Reyes Fenig","url":"https:\/\/reyesfenig.com\/","logo":{"@type":"ImageObject","inLanguage":"en-US","@id":"https:\/\/reyesfenig.com\/#\/schema\/logo\/image\/","url":"https:\/\/reyesfenig.com\/wp-content\/uploads\/2021\/09\/logos_02.png","contentUrl":"https:\/\/reyesfenig.com\/wp-content\/uploads\/2021\/09\/logos_02.png","width":135,"height":57,"caption":"Reyes Fenig"},"image":{"@id":"https:\/\/reyesfenig.com\/#\/schema\/logo\/image\/"}}]}},"post_mailing_queue_ids":[],"_links":{"self":[{"href":"https:\/\/reyesfenig.com\/en\/wp-json\/wp\/v2\/pages\/1291","targetHints":{"allow":["GET"]}}],"collection":[{"href":"https:\/\/reyesfenig.com\/en\/wp-json\/wp\/v2\/pages"}],"about":[{"href":"https:\/\/reyesfenig.com\/en\/wp-json\/wp\/v2\/types\/page"}],"author":[{"embeddable":true,"href":"https:\/\/reyesfenig.com\/en\/wp-json\/wp\/v2\/users\/1"}],"replies":[{"embeddable":true,"href":"https:\/\/reyesfenig.com\/en\/wp-json\/wp\/v2\/comments?post=1291"}],"version-history":[{"count":14,"href":"https:\/\/reyesfenig.com\/en\/wp-json\/wp\/v2\/pages\/1291\/revisions"}],"predecessor-version":[{"id":2188,"href":"https:\/\/reyesfenig.com\/en\/wp-json\/wp\/v2\/pages\/1291\/revisions\/2188"}],"wp:featuredmedia":[{"embeddable":true,"href":"https:\/\/reyesfenig.com\/en\/wp-json\/wp\/v2\/media\/2028"}],"wp:attachment":[{"href":"https:\/\/reyesfenig.com\/en\/wp-json\/wp\/v2\/media?parent=1291"}],"curies":[{"name":"wp","href":"https:\/\/api.w.org\/{rel}","templated":true}]}}